{"id":284,"date":"2023-02-28T19:02:27","date_gmt":"2023-02-28T19:02:27","guid":{"rendered":"https:\/\/pshlegal.cz\/stepan-pastorek\/"},"modified":"2023-02-28T19:02:27","modified_gmt":"2023-02-28T19:02:27","slug":"stepan-pastorek","status":"publish","type":"page","link":"https:\/\/pshlegal.cz\/en\/stepan-pastorek\/","title":{"rendered":"\u0160t\u011bp\u00e1n Pastorek"},"content":{"rendered":"<p>\u0160t\u011bp\u00e1n focuses primarily on labour law, administrative law, and the residence of foreigners in the Czech Republic. He is also active as a senior lecturer at the Department of Labour Law and Social Security Law at Charles University&#8217;s Faculty of Law and an author of academic publications and articles in these areas. He gained further experience through studying abroad, internship at the European Court of Human Rights, and as a researcher at a research institute.   <\/p>\n<p>He is a member of the Committee for the Rights of Foreigners of the Czech Government&#8217;s Council for Human Rights, a member of the Association of Immigration Lawyers in the Czech Republic, and a member of the Czech Society for Labour Law and Social Security Law.<\/p>\n<p>\u0160t\u011bp\u00e1n Pastorek: <a href=\"mailto:stepan@pshlegal.cz\">stepan@pshlegal.cz,<\/a> phone: 702168108, Databox ID: gw3ccm6, Czech Bar Association no. 20172<\/p>\n","protected":false},"excerpt":{"rendered":"\u0160t\u011bp\u00e1n focuses primarily on labour law, administrative law, and the residence of foreigners in the Czech Republic. He is also active as a senior lecturer at the Department of Labour Law and Social Security Law at Charles University&#8217;s Faculty of Law and an author of academic publications and articles in these areas. He gained further&#8230; <a class=\"view-article\" href=\"https:\/\/pshlegal.cz\/en\/stepan-pastorek\/\">View Article<\/a>","protected":false},"author":1,"featured_media":269,"parent":0,"menu_order":0,"comment_status":"closed","ping_status":"closed","template":"","meta":{"footnotes":""},"class_list":["post-284","page","type-page","status-publish","has-post-thumbnail","hentry"],"acf":[],"_links":{"self":[{"href":"https:\/\/pshlegal.cz\/en\/wp-json\/wp\/v2\/pages\/284","targetHints":{"allow":["GET"]}}],"collection":[{"href":"https:\/\/pshlegal.cz\/en\/wp-json\/wp\/v2\/pages"}],"about":[{"href":"https:\/\/pshlegal.cz\/en\/wp-json\/wp\/v2\/types\/page"}],"author":[{"embeddable":true,"href":"https:\/\/pshlegal.cz\/en\/wp-json\/wp\/v2\/users\/1"}],"replies":[{"embeddable":true,"href":"https:\/\/pshlegal.cz\/en\/wp-json\/wp\/v2\/comments?post=284"}],"version-history":[{"count":0,"href":"https:\/\/pshlegal.cz\/en\/wp-json\/wp\/v2\/pages\/284\/revisions"}],"wp:featuredmedia":[{"embeddable":true,"href":"https:\/\/pshlegal.cz\/en\/wp-json\/wp\/v2\/media\/269"}],"wp:attachment":[{"href":"https:\/\/pshlegal.cz\/en\/wp-json\/wp\/v2\/media?parent=284"}],"curies":[{"name":"wp","href":"https:\/\/api.w.org\/{rel}","templated":true}]}}