{"id":281,"date":"2023-02-28T19:09:02","date_gmt":"2023-02-28T19:09:02","guid":{"rendered":"https:\/\/pshlegal.cz\/contact\/"},"modified":"2026-04-17T19:24:48","modified_gmt":"2026-04-17T19:24:48","slug":"contact","status":"publish","type":"page","link":"https:\/\/pshlegal.cz\/en\/contact\/","title":{"rendered":"Contact"},"content":{"rendered":"<h2>Do not hesitate to contact us<span style=\"color: #0400ff;\">.<\/span><\/h2>\n<p>We are ready to offer you comprehensive services and expert representation in the areas of immigration law, international protection, and other legal fields. Please send us your questions or requests for advice, and we will get back to you with an answer as soon as possible. <\/p>\n<h3>Contact form<span style=\"color: #0000ff;\">.<\/span><\/h3>\n\n<div class=\"wpcf7 no-js\" id=\"wpcf7-f155-o1\" lang=\"cs-CZ\" dir=\"ltr\">\n<div class=\"screen-reader-response\"><p role=\"status\" aria-live=\"polite\" aria-atomic=\"true\"><\/p> <ul><\/ul><\/div>\n<form action=\"\/en\/wp-json\/wp\/v2\/pages\/281#wpcf7-f155-o1\" method=\"post\" class=\"wpcf7-form init\" aria-label=\"Kontaktn\u00ed formul\u00e1\u0159\" novalidate=\"novalidate\" data-status=\"init\">\n<div style=\"display: none;\">\n<input type=\"hidden\" name=\"_wpcf7\" value=\"155\" \/>\n<input type=\"hidden\" name=\"_wpcf7_version\" value=\"5.7.6\" \/>\n<input type=\"hidden\" name=\"_wpcf7_locale\" value=\"cs_CZ\" \/>\n<input type=\"hidden\" name=\"_wpcf7_unit_tag\" value=\"wpcf7-f155-o1\" \/>\n<input type=\"hidden\" name=\"_wpcf7_container_post\" value=\"0\" \/>\n<input type=\"hidden\" name=\"_wpcf7_posted_data_hash\" value=\"\" \/>\n<input type=\"hidden\" name=\"_wpcf7_recaptcha_response\" value=\"\" \/>\n<\/div>\n<div class=\"uk-width-2-3\">\n\t<p><label> Va\u0161e jm\u00e9no<br \/>\n<span class=\"wpcf7-form-control-wrap\" data-name=\"your-name\"><input size=\"40\" class=\"wpcf7-form-control wpcf7-text wpcf7-validates-as-required\" autocomplete=\"name\" aria-required=\"true\" aria-invalid=\"false\" value=\"\" type=\"text\" name=\"your-name\" \/><\/span> <\/label>\n\t<\/p>\n\t<p><label> V\u00e1\u0161 e-mail<br \/>\n<span class=\"wpcf7-form-control-wrap\" data-name=\"your-email\"><input size=\"40\" class=\"wpcf7-form-control wpcf7-text wpcf7-email wpcf7-validates-as-required wpcf7-validates-as-email\" autocomplete=\"email\" aria-required=\"true\" aria-invalid=\"false\" value=\"\" type=\"email\" name=\"your-email\" \/><\/span> <\/label>\n\t<\/p>\n\t<p><label> P\u0159edm\u011bt<br \/>\n<span class=\"wpcf7-form-control-wrap\" data-name=\"your-subject\"><input size=\"40\" class=\"wpcf7-form-control wpcf7-text wpcf7-validates-as-required\" aria-required=\"true\" aria-invalid=\"false\" value=\"\" type=\"text\" name=\"your-subject\" \/><\/span> <\/label>\n\t<\/p>\n\t<p><label> Va\u0161e zpr\u00e1va (voliteln\u00fd)<br \/>\n<span class=\"wpcf7-form-control-wrap\" data-name=\"your-message\"><textarea cols=\"40\" rows=\"10\" class=\"wpcf7-form-control wpcf7-textarea\" aria-invalid=\"false\" name=\"your-message\"><\/textarea><\/span> <\/label><br \/>\n\t<span class=\"wpcf7-form-control-wrap recaptcha\" data-name=\"recaptcha\"><span data-sitekey=\"6Ld1WDclAAAAAGbaFwk4adjJVNF5MXn-Z-0-yu4B\" class=\"wpcf7-form-control g-recaptcha wpcf7-recaptcha\"><\/span>\r\n<noscript>\r\n\t<div class=\"grecaptcha-noscript\">\r\n\t\t<iframe loading=\"lazy\" src=\"https:\/\/www.google.com\/recaptcha\/api\/fallback?k=6Ld1WDclAAAAAGbaFwk4adjJVNF5MXn-Z-0-yu4B\" frameborder=\"0\" scrolling=\"no\" width=\"310\" height=\"430\">\r\n\t\t<\/iframe>\r\n\t\t<textarea name=\"g-recaptcha-response\" rows=\"3\" cols=\"40\" placeholder=\"reCaptcha Response Here\">\r\n\t\t<\/textarea>\r\n\t<\/div>\r\n<\/noscript>\r\n<\/span><br \/>\n<input class=\"wpcf7-form-control has-spinner wpcf7-submit uk-button uk-button-primary uk-width-1-3\" type=\"submit\" value=\"Odeslat\" \/>\n\t<\/p>\n<\/div><div class=\"wpcf7-response-output\" aria-hidden=\"true\"><\/div>\n<\/form>\n<\/div>\n\n<h3>Address<span style=\"color: #0000ff;\">.<\/span><\/h3>\n<p>PSH legal advok\u00e1ti s.r.o., with registered office at \u0160pan\u011blsk\u00e1 770\/2, 120 00 Prague 2 &#8211; Vinohrady, ID: 17187621, IDDS: n7xa8v9<\/p>\n<h3>Opening hours<span style=\"color: #0000ff;\">.<\/span><\/h3>\n<p>Opening hours are from 9-17:00, but only by prior arrangement.<\/p>\n<h3>Partners<span style=\"color: #0400ff;\">.<\/span><\/h3>\n<p>Filip Schmidt: <a href=\"mailto:filip@pshlegal.cz\">filip@pshlegal.cz,<\/a> phone: 731202847. Databox ID: dfris5p, Czech Bar Association no. 13593<\/p>\n<p>\u0160t\u011bp\u00e1n Pastorek: <a href=\"mailto:stepan@pshlegal.cz\">stepan@pshlegal.cz,<\/a> phone.: 702168108, Databox ID: gw3ccm6, Czech Bar Association no. 20172<\/p>\n","protected":false},"excerpt":{"rendered":"Do not hesitate to contact us. We are ready to offer you comprehensive services and expert representation in the areas of immigration law, international protection, and other legal fields. Please send us your questions or requests for advice, and we will get back to you with an answer as soon as possible. Contact form. Address&#8230;. <a class=\"view-article\" href=\"https:\/\/pshlegal.cz\/en\/contact\/\">View Article<\/a>","protected":false},"author":1,"featured_media":0,"parent":0,"menu_order":0,"comment_status":"closed","ping_status":"closed","template":"","meta":{"footnotes":""},"class_list":["post-281","page","type-page","status-publish","hentry"],"acf":[],"_links":{"self":[{"href":"https:\/\/pshlegal.cz\/en\/wp-json\/wp\/v2\/pages\/281","targetHints":{"allow":["GET"]}}],"collection":[{"href":"https:\/\/pshlegal.cz\/en\/wp-json\/wp\/v2\/pages"}],"about":[{"href":"https:\/\/pshlegal.cz\/en\/wp-json\/wp\/v2\/types\/page"}],"author":[{"embeddable":true,"href":"https:\/\/pshlegal.cz\/en\/wp-json\/wp\/v2\/users\/1"}],"replies":[{"embeddable":true,"href":"https:\/\/pshlegal.cz\/en\/wp-json\/wp\/v2\/comments?post=281"}],"version-history":[{"count":1,"href":"https:\/\/pshlegal.cz\/en\/wp-json\/wp\/v2\/pages\/281\/revisions"}],"predecessor-version":[{"id":285,"href":"https:\/\/pshlegal.cz\/en\/wp-json\/wp\/v2\/pages\/281\/revisions\/285"}],"wp:attachment":[{"href":"https:\/\/pshlegal.cz\/en\/wp-json\/wp\/v2\/media?parent=281"}],"curies":[{"name":"wp","href":"https:\/\/api.w.org\/{rel}","templated":true}]}}