{"id":278,"date":"2023-02-28T17:13:07","date_gmt":"2023-02-28T17:13:07","guid":{"rendered":"https:\/\/pshlegal.cz\/immigration-law\/"},"modified":"2023-02-28T17:13:07","modified_gmt":"2023-02-28T17:13:07","slug":"immigration-law","status":"publish","type":"page","link":"https:\/\/pshlegal.cz\/en\/immigration-law\/","title":{"rendered":"Immigration Law"},"content":{"rendered":"<p>Our lawyers have extensive experience in immigration and asylum law, both when it comes to legal practice and its broader theoretical and social context. \u0160t\u011bp\u00e1n has also worked in this area in non-profit organizations specializing in legal assistance to foreigners and applicants for international protection and as part of his doctoral studies.<\/p>\n<p>Thanks to our long-term focus on this area, we have extensive practical experience with the procedures of administrative authorities and representation before courts, including the Constitutional Court of the Czech Republic and the European Court of Human Rights. This encompasses detailed knowledge of Czech and European case law in this rapidly evolving field.  At the same time, thanks to their expertise, our attorneys can also accept <em>ex officio<\/em> representation for those persons who cannot afford representation (especially the provisions of the Supreme Administrative Court).<\/p>\n<h3 id=\"poradenstvi-cizincum\">Residence of foreigners on the territory of the Czech Republic<span style=\"color: #0000ff;\">.<\/span><\/h3>\n<p>Our services include both consultations on visa, long-term or permanent residence permit procedures and representation in these procedures. Our services also include escorts to the relevant administrative authorities, in particular the Ministry of the Interior, Department of Asylum and Migration Policy. Before submitting an application, we ensure that all requirements are met. During the proceedings, we recommend representing the applicant on the basis of power of attorney, which allows us to quickly react to any requests from the authorities or delays in the proceedings. In addition to the above, we also have extensive experience with appeals against decisions on the granting or revocation of residence permits. <\/p>\n<p>Of course, we also deal with issues related to the termination of residence in the territory, such as administrative expulsion and immigration detention.<\/p>\n<h3 id=\"mezinarodni-ochrana\" style=\"text-align: justify;\">International protection<span style=\"color: #0000ff;\">.<\/span><\/h3>\n<p>We also focus on international protection (asylum and subsidiary protection), representing applicants in administrative proceedings (including attending interviews), but often also in lawsuits and cassation complaints. Thanks to our success in court proceedings, we have helped a number of clients obtain international protection status in the Czech Republic. <\/p>\n<h3 id=\"zastoupeni\" style=\"text-align: justify;\">Representation before administrative courts<\/h3>\n<p>Our office provides expert representation before administrative courts, particularly in cases involving residence and international protection. We also have extensive experience handling appeals against decisions rejecting applications for residence permits or revoking existing permits. We also have extensive experience in appeals against decisions concerning the authorisation or revocation of residence permits.<\/p>\n<h3>Citizenship of the Czech Republic<span style=\"color: #0000ff;\">.<\/span><\/h3>\n<p>We also provide comprehensive services in the area of applications for Czech citizenship, from planning the necessary steps and securing the required documents to representation in the application process itself.<\/p>\n<h3 id=\"zamestnavatele\">Services for employers<span style=\"color: #0000ff;\">.<\/span><\/h3>\n<p>We offer employers (including temporary employment agencies) comprehensive consultancy on issues relating to the employment of foreigners and the activities of labor inspection authorities.<\/p>\n<p>This includes both the process of employing a foreigner, with an emphasis on assessing their eligibility to enter the labor market in the Czech Republic, and the employer&#8217;s subsequent obligations in relation to the authorities.<\/p>\n<p>In these cases, our goal is to work with the client to set up a system for employing foreign nationals that can function effectively while complying with the legal requirements specific to this type of employment.<\/p>\n","protected":false},"excerpt":{"rendered":"Our lawyers have extensive experience in immigration and asylum law, both when it comes to legal practice and its broader theoretical and social context. \u0160t\u011bp\u00e1n has also worked in this area in non-profit organizations specializing in legal assistance to foreigners and applicants for international protection and as part of his doctoral studies. Thanks to our&#8230; <a class=\"view-article\" href=\"https:\/\/pshlegal.cz\/en\/immigration-law\/\">View Article<\/a>","protected":false},"author":1,"featured_media":0,"parent":0,"menu_order":0,"comment_status":"closed","ping_status":"closed","template":"","meta":{"footnotes":""},"class_list":["post-278","page","type-page","status-publish","hentry"],"acf":[],"_links":{"self":[{"href":"https:\/\/pshlegal.cz\/en\/wp-json\/wp\/v2\/pages\/278","targetHints":{"allow":["GET"]}}],"collection":[{"href":"https:\/\/pshlegal.cz\/en\/wp-json\/wp\/v2\/pages"}],"about":[{"href":"https:\/\/pshlegal.cz\/en\/wp-json\/wp\/v2\/types\/page"}],"author":[{"embeddable":true,"href":"https:\/\/pshlegal.cz\/en\/wp-json\/wp\/v2\/users\/1"}],"replies":[{"embeddable":true,"href":"https:\/\/pshlegal.cz\/en\/wp-json\/wp\/v2\/comments?post=278"}],"version-history":[{"count":0,"href":"https:\/\/pshlegal.cz\/en\/wp-json\/wp\/v2\/pages\/278\/revisions"}],"wp:attachment":[{"href":"https:\/\/pshlegal.cz\/en\/wp-json\/wp\/v2\/media?parent=278"}],"curies":[{"name":"wp","href":"https:\/\/api.w.org\/{rel}","templated":true}]}}